{"id":1905,"date":"2025-10-14T19:42:10","date_gmt":"2025-10-14T19:42:10","guid":{"rendered":"https:\/\/oneheart.cz\/?page_id=1905"},"modified":"2025-10-14T20:19:52","modified_gmt":"2025-10-14T20:19:52","slug":"aktuality","status":"publish","type":"page","link":"https:\/\/oneheart.cz\/eng\/aktuality\/","title":{"rendered":"news"},"content":{"rendered":"<style>.kb-row-layout-id1905_1f551a-07 > .kt-row-column-wrap{align-content:start;}:where(.kb-row-layout-id1905_1f551a-07 > .kt-row-column-wrap) > .wp-block-kadence-column{justify-content:start;}.kb-row-layout-id1905_1f551a-07 > .kt-row-column-wrap{column-gap:var(--global-kb-gap-md, 2rem);row-gap:var(--global-kb-gap-md, 2rem);padding-top:var(--global-kb-spacing-sm, 1.5rem);padding-bottom:var(--global-kb-spacing-sm, 1.5rem);grid-template-columns:minmax(0, 1fr);}.kb-row-layout-id1905_1f551a-07 > .kt-row-layout-overlay{opacity:0.30;}@media all and (max-width: 1024px){.kb-row-layout-id1905_1f551a-07 > .kt-row-column-wrap{grid-template-columns:minmax(0, 1fr);}}@media all and (max-width: 767px){.kb-row-layout-id1905_1f551a-07 > .kt-row-column-wrap{grid-template-columns:minmax(0, 1fr);}}<\/style><div class=\"kb-row-layout-wrap kb-row-layout-id1905_1f551a-07 alignnone has-theme-palette1-background-color kt-row-has-bg wp-block-kadence-rowlayout\"><div class=\"kt-row-column-wrap kt-has-1-columns kt-row-layout-equal kt-tab-layout-inherit kt-mobile-layout-row kt-row-valign-top\">\n<style>.kadence-column1905_5f916b-e0 > .kt-inside-inner-col,.kadence-column1905_5f916b-e0 > .kt-inside-inner-col:before{border-top-left-radius:0px;border-top-right-radius:0px;border-bottom-right-radius:0px;border-bottom-left-radius:0px;}.kadence-column1905_5f916b-e0 > .kt-inside-inner-col{column-gap:var(--global-kb-gap-sm, 1rem);}.kadence-column1905_5f916b-e0 > .kt-inside-inner-col{flex-direction:column;}.kadence-column1905_5f916b-e0 > .kt-inside-inner-col > .aligncenter{width:100%;}.kadence-column1905_5f916b-e0 > .kt-inside-inner-col:before{opacity:0.3;}.kadence-column1905_5f916b-e0{position:relative;}@media all and (max-width: 1024px){.kadence-column1905_5f916b-e0 > .kt-inside-inner-col{flex-direction:column;justify-content:center;}}@media all and (max-width: 767px){.kadence-column1905_5f916b-e0 > .kt-inside-inner-col{flex-direction:column;justify-content:center;}}<\/style>\n<div class=\"wp-block-kadence-column kadence-column1905_5f916b-e0\"><div class=\"kt-inside-inner-col\"><style>.wp-block-kadence-advancedheading.kt-adv-heading1905_a94b0d-10, .wp-block-kadence-advancedheading.kt-adv-heading1905_a94b0d-10[data-kb-block=\"kb-adv-heading1905_a94b0d-10\"]{padding-top:var(--global-kb-spacing-xs, 1rem);padding-bottom:var(--global-kb-spacing-sm, 1.5rem);text-align:center;font-size:var(--global-kb-font-size-xl, 3rem);font-style:normal;}.wp-block-kadence-advancedheading.kt-adv-heading1905_a94b0d-10 mark.kt-highlight, .wp-block-kadence-advancedheading.kt-adv-heading1905_a94b0d-10[data-kb-block=\"kb-adv-heading1905_a94b0d-10\"] mark.kt-highlight{font-style:normal;color:#f76a0c;-webkit-box-decoration-break:clone;box-decoration-break:clone;padding-top:0px;padding-right:0px;padding-bottom:0px;padding-left:0px;}<\/style>\n<h2 class=\"kt-adv-heading1905_a94b0d-10 wp-block-kadence-advancedheading has-theme-palette-7-color has-text-color\" data-kb-block=\"kb-adv-heading1905_a94b0d-10\">aktuality<\/h2>\n<\/div><\/div>\n\n<\/div><\/div>\n\n<style>.kb-row-layout-id1905_e72796-89 > .kt-row-column-wrap{align-content:start;}:where(.kb-row-layout-id1905_e72796-89 > .kt-row-column-wrap) > .wp-block-kadence-column{justify-content:start;}.kb-row-layout-id1905_e72796-89 > .kt-row-column-wrap{column-gap:var(--global-kb-gap-md, 2rem);row-gap:var(--global-kb-gap-md, 2rem);max-width:1200px;margin-left:auto;margin-right:auto;padding-top:var(--global-kb-spacing-sm, 1.5rem);padding-bottom:var(--global-kb-spacing-sm, 1.5rem);grid-template-columns:minmax(0, 1fr);}.kb-row-layout-id1905_e72796-89 > .kt-row-layout-overlay{opacity:0.30;}@media all and (max-width: 1024px){.kb-row-layout-id1905_e72796-89 > .kt-row-column-wrap{grid-template-columns:minmax(0, 1fr);}}@media all and (max-width: 767px){.kb-row-layout-id1905_e72796-89 > .kt-row-column-wrap{grid-template-columns:minmax(0, 1fr);}}<\/style><div class=\"kb-row-layout-wrap kb-row-layout-id1905_e72796-89 alignnone wp-block-kadence-rowlayout\"><div class=\"kt-row-column-wrap kt-has-1-columns kt-row-layout-equal kt-tab-layout-inherit kt-mobile-layout-row kt-row-valign-top\">\n<style>.kadence-column1905_027a6b-f5 > .kt-inside-inner-col,.kadence-column1905_027a6b-f5 > .kt-inside-inner-col:before{border-top-left-radius:0px;border-top-right-radius:0px;border-bottom-right-radius:0px;border-bottom-left-radius:0px;}.kadence-column1905_027a6b-f5 > .kt-inside-inner-col{column-gap:var(--global-kb-gap-sm, 1rem);}.kadence-column1905_027a6b-f5 > .kt-inside-inner-col{flex-direction:column;}.kadence-column1905_027a6b-f5 > .kt-inside-inner-col > .aligncenter{width:100%;}.kadence-column1905_027a6b-f5 > .kt-inside-inner-col:before{opacity:0.3;}.kadence-column1905_027a6b-f5{position:relative;}@media all and (max-width: 1024px){.kadence-column1905_027a6b-f5 > .kt-inside-inner-col{flex-direction:column;justify-content:center;}}@media all and (max-width: 767px){.kadence-column1905_027a6b-f5 > .kt-inside-inner-col{flex-direction:column;justify-content:center;}}<\/style>\n<div class=\"wp-block-kadence-column kadence-column1905_027a6b-f5\"><div class=\"kt-inside-inner-col\"><ul style=\"padding-top:var(--wp--preset--spacing--40);padding-bottom:var(--wp--preset--spacing--40);margin-top:0;margin-bottom:0;\" class=\"wp-block-latest-posts__list has-dates has-author wp-block-latest-posts has-small-font-size\"><li><div class=\"wp-block-latest-posts__featured-image alignleft\"><img loading=\"lazy\" decoding=\"async\" width=\"150\" height=\"150\" src=\"https:\/\/oneheart.cz\/wp-content\/uploads\/2025\/10\/foto-ze-seminare-150x150.jpg\" class=\"attachment-thumbnail size-thumbnail wp-post-image\" alt=\"\" style=\"\" \/><\/div><a class=\"wp-block-latest-posts__post-title\" href=\"https:\/\/oneheart.cz\/eng\/shrnuti-z-kulateho-stolu-welfare-hospodarskych-zvirat-priklady-dobre-praxe\/\">Shrnut\u00ed z\u00a0kulat\u00e9ho stolu\u00a0Welfare hospod\u00e1\u0159sk\u00fdch zv\u00ed\u0159at \u2013 p\u0159\u00edklady dobr\u00e9 praxe<\/a><div class=\"wp-block-latest-posts__post-author\">by oneheartcz<\/div><time datetime=\"2025-10-14T19:08:50+00:00\" class=\"wp-block-latest-posts__post-date\">14. 10. 2025<\/time><div class=\"wp-block-latest-posts__post-excerpt\">Dne 20. 3. 2025 se pod z\u00e1\u0161titou poslankyn\u011b Kl\u00e1ry Kocmanov\u00e9 ve spolupr\u00e1ci s\u00a0Nada\u010dn\u00edm fondem One Heart\u00a0uskute\u010dnil v\u00a0Poslaneck\u00e9 sn\u011bmovn\u011b kulat\u00fd st\u016fl zam\u011b\u0159en\u00fd na\u00a0\u201ewelfare\u201d neboli takzvanou \u201e\u017eivotn\u00ed pohodu zv\u00ed\u0159at\u201c. Co si pod t\u00edmto term\u00ednem p\u0159edstavuj\u00ed \u010de\u0161t\u00ed zem\u011bd\u011blci?&#8230;<\/div><\/li>\n<\/ul><\/div><\/div>\n\n<\/div><\/div>\n\n\n<p><\/p>\n","protected":false},"excerpt":{"rendered":"<p>news<\/p>","protected":false},"author":1,"featured_media":0,"parent":0,"menu_order":0,"comment_status":"closed","ping_status":"closed","template":"","meta":{"give_campaign_id":0,"_kadence_starter_templates_imported_post":false,"_kad_post_transparent":"","_kad_post_title":"","_kad_post_layout":"","_kad_post_sidebar_id":"","_kad_post_content_style":"","_kad_post_vertical_padding":"","_kad_post_feature":"","_kad_post_feature_position":"","_kad_post_header":false,"_kad_post_footer":false,"footnotes":""},"class_list":["post-1905","page","type-page","status-publish","hentry"],"campaignId":"","_links":{"self":[{"href":"https:\/\/oneheart.cz\/eng\/wp-json\/wp\/v2\/pages\/1905","targetHints":{"allow":["GET"]}}],"collection":[{"href":"https:\/\/oneheart.cz\/eng\/wp-json\/wp\/v2\/pages"}],"about":[{"href":"https:\/\/oneheart.cz\/eng\/wp-json\/wp\/v2\/types\/page"}],"author":[{"embeddable":true,"href":"https:\/\/oneheart.cz\/eng\/wp-json\/wp\/v2\/users\/1"}],"replies":[{"embeddable":true,"href":"https:\/\/oneheart.cz\/eng\/wp-json\/wp\/v2\/comments?post=1905"}],"version-history":[{"count":11,"href":"https:\/\/oneheart.cz\/eng\/wp-json\/wp\/v2\/pages\/1905\/revisions"}],"predecessor-version":[{"id":1926,"href":"https:\/\/oneheart.cz\/eng\/wp-json\/wp\/v2\/pages\/1905\/revisions\/1926"}],"wp:attachment":[{"href":"https:\/\/oneheart.cz\/eng\/wp-json\/wp\/v2\/media?parent=1905"}],"curies":[{"name":"wp","href":"https:\/\/api.w.org\/{rel}","templated":true}]}}