{"id":617,"date":"2023-05-10T09:22:49","date_gmt":"2023-05-10T09:22:49","guid":{"rendered":"http:\/\/oneheart.cz.uvirt130.active24.cz\/?page_id=617"},"modified":"2023-05-15T11:03:44","modified_gmt":"2023-05-15T11:03:44","slug":"eticky-kodex","status":"publish","type":"page","link":"https:\/\/oneheart.cz\/eng\/eticky-kodex\/","title":{"rendered":"Code of ethics"},"content":{"rendered":"<style>.wp-block-kadence-advancedheading.kt-adv-heading_6dfe1f-11, .wp-block-kadence-advancedheading.kt-adv-heading_6dfe1f-11[data-kb-block=\"kb-adv-heading_6dfe1f-11\"]{padding-right:var(--global-kb-spacing-lg, 3rem);padding-left:var(--global-kb-spacing-lg, 3rem);text-align:center;font-style:normal;}.wp-block-kadence-advancedheading.kt-adv-heading_6dfe1f-11 mark.kt-highlight, .wp-block-kadence-advancedheading.kt-adv-heading_6dfe1f-11[data-kb-block=\"kb-adv-heading_6dfe1f-11\"] mark.kt-highlight{font-style:normal;color:#f76a0c;-webkit-box-decoration-break:clone;box-decoration-break:clone;padding-top:0px;padding-right:0px;padding-bottom:0px;padding-left:0px;}<\/style>\n<h1 class=\"kt-adv-heading_6dfe1f-11 wp-block-kadence-advancedheading has-theme-palette-8-color has-text-color has-theme-palette-2-background-color has-background\" data-kb-block=\"kb-adv-heading_6dfe1f-11\">Etick\u00fd kodex<\/h1>\n\n\n\n<p><em>C\u00edlem Etick\u00e9ho kodexu je usnadnit vz\u00e1jemn\u00e9 fungov\u00e1n\u00ed a komunikaci nejen uvnit\u0159 fondu, ale tak\u00e9 sm\u011brem k podporovatel\u016fm, sponzor\u016fm, d\u00e1rc\u016fm, partner\u016fm a ve\u0159ejnosti. Chceme b\u00fdt d\u016fv\u011bryhodn\u00ed a \u010diteln\u00ed. Na\u0161e principy a hodnoty jsou pro n\u00e1s kl\u00ed\u010dov\u00e9 a v\u011b\u0159\u00edme, \u017ee jejich jasn\u00e1 deklarace umo\u017en\u00ed spr\u00e1vn\u00e9 rozhodov\u00e1n\u00ed v p\u0159\u00edpad\u011b pochybnost\u00ed.&nbsp;<\/em><\/p>\n\n\n\n<p><em>Kdokoliv by m\u011bl pocit, \u017ee ur\u010dit\u00e9 jedn\u00e1n\u00ed fondu, respektive jeho z\u00e1stupc\u016f \u010di spolupracovn\u00edk\u016f nen\u00ed v souladu s Etick\u00fdm kodexem, m\u016f\u017ee se obr\u00e1tit na Spr\u00e1vn\u00ed radu, kter\u00e1 se t\u00edm bude zab\u00fdvat.<\/em><\/p>\n\n\n\n<p>1. Jedn\u00e1me v souladu s pr\u00e1vem, mor\u00e1ln\u011b, profesion\u00e1ln\u011b, transparentn\u011b a podle princip\u016f fondu tak, aby nebyla ohro\u017eena dobr\u00e1 pov\u011bst fondu a spolupracovn\u00edk\u016f.<\/p>\n\n\n\n<p>2. Vyh\u00fdb\u00e1me se st\u0159etu z\u00e1jm\u016f a zneu\u017eit\u00ed sv\u00e9ho postaven\u00ed. Spravujeme majetek fondu zodpov\u011bdn\u011b, hospod\u00e1rn\u011b a \u00fa\u010deln\u011b vzhledem k c\u00edl\u016fm a posl\u00e1n\u00ed fondu. Zve\u0159ej\u0148ujeme jak sv\u00e9 c\u00edle, tak v\u00fdro\u010dn\u00ed zpr\u00e1vy a stav hospoda\u0159en\u00ed.<\/p>\n\n\n\n<p>3. Respektujeme v\u0161echny \u017eiv\u00e9 bytosti, podporujeme aktivn\u011b ochranu jejich pr\u00e1v a nepod\u00edl\u00edme se na \u010dinnostech, je\u017e jejich pr\u00e1va poru\u0161uj\u00ed \u010di pop\u00edraj\u00ed. P\u0159istupujeme s respektem ke spolupracovn\u00edk\u016fm, partner\u016fm, d\u00e1rc\u016fm, ve\u0159ejnosti a \u017eivotn\u00edmu prost\u0159ed\u00ed.<\/p>\n\n\n\n<p>4. P\u0159i \u0161\u00ed\u0159en\u00ed na\u0161ich n\u00e1zor\u016f a hodnot postupujeme v r\u00e1mci platn\u00fdch z\u00e1kon\u016f a nezneva\u017eujeme oponenty.&nbsp;<\/p>\n\n\n\n<p>5. Spolupracujeme jen s takov\u00fdmi partnery, jejich\u017e \u010dinnost je v souladu s posl\u00e1n\u00edm a principy fondu. Prim\u00e1rn\u011b pak s t\u011bmi, kdo se sna\u017e\u00ed zlep\u0161it st\u00e1vaj\u00edc\u00ed situaci zv\u00ed\u0159at \u010di se anga\u017euj\u00ed ve welfare problematice, obzvl\u00e1\u0161\u0165 v oblastech jako jsou zastaven\u00ed zneu\u017e\u00edv\u00e1n\u00ed, t\u00fdr\u00e1n\u00ed, mu\u010den\u00ed a zab\u00edjen\u00ed jin\u00fdch \u017eiv\u00fdch bytost\u00ed. Stejn\u00fdmi pravidly se \u0159\u00edd\u00ed p\u0159ij\u00edm\u00e1n\u00ed dar\u016f.&nbsp;<\/p>\n\n\n\n<p>6. Chr\u00e1n\u00edme nez\u00e1vislost fondu, kter\u00fd je politicky, kulturn\u011b a n\u00e1bo\u017eensky neutr\u00e1ln\u00ed organizac\u00ed, je\u017e podporuje r\u016fznorodost partner\u016f a otev\u0159enou debatu.<\/p>\n\n\n\n<p>7. Spolupracovn\u00edk fondu nesm\u00ed v souvislosti s poskytnut\u00edm nada\u010dn\u00edho p\u0159\u00edsp\u011bvku z\u00edskat pro sebe nebo pro osobu bl\u00edzkou (v\u010detn\u011b pr\u00e1vnick\u00fdch osob, na kter\u00fdch m\u00e1 spolupracovn\u00edk \u00fa\u010dast) prosp\u011bch \u010di v\u00fdhodu, ani\u017e by o t\u00e9to skute\u010dnosti p\u0159edem informoval Spr\u00e1vn\u00ed radu.<\/p>\n","protected":false},"excerpt":{"rendered":"<p>Etick\u00fd kodex C\u00edlem Etick\u00e9ho kodexu je usnadnit vz\u00e1jemn\u00e9 fungov\u00e1n\u00ed a komunikaci nejen uvnit\u0159 fondu, ale tak\u00e9 sm\u011brem k podporovatel\u016fm, sponzor\u016fm, d\u00e1rc\u016fm, partner\u016fm a ve\u0159ejnosti. Chceme b\u00fdt d\u016fv\u011bryhodn\u00ed a \u010diteln\u00ed. Na\u0161e principy a hodnoty jsou pro n\u00e1s kl\u00ed\u010dov\u00e9 a v\u011b\u0159\u00edme, \u017ee jejich jasn\u00e1 deklarace umo\u017en\u00ed spr\u00e1vn\u00e9 rozhodov\u00e1n\u00ed v p\u0159\u00edpad\u011b pochybnost\u00ed.&nbsp; Kdokoliv by m\u011bl pocit, \u017ee ur\u010dit\u00e9&#8230;<\/p>","protected":false},"author":1,"featured_media":0,"parent":0,"menu_order":0,"comment_status":"closed","ping_status":"closed","template":"","meta":{"give_campaign_id":0,"_kadence_starter_templates_imported_post":false,"_kad_post_transparent":"","_kad_post_title":"","_kad_post_layout":"narrow","_kad_post_sidebar_id":"","_kad_post_content_style":"default","_kad_post_vertical_padding":"","_kad_post_feature":"","_kad_post_feature_position":"","_kad_post_header":false,"_kad_post_footer":false,"footnotes":""},"class_list":["post-617","page","type-page","status-publish","hentry"],"campaignId":"","_links":{"self":[{"href":"https:\/\/oneheart.cz\/eng\/wp-json\/wp\/v2\/pages\/617","targetHints":{"allow":["GET"]}}],"collection":[{"href":"https:\/\/oneheart.cz\/eng\/wp-json\/wp\/v2\/pages"}],"about":[{"href":"https:\/\/oneheart.cz\/eng\/wp-json\/wp\/v2\/types\/page"}],"author":[{"embeddable":true,"href":"https:\/\/oneheart.cz\/eng\/wp-json\/wp\/v2\/users\/1"}],"replies":[{"embeddable":true,"href":"https:\/\/oneheart.cz\/eng\/wp-json\/wp\/v2\/comments?post=617"}],"version-history":[{"count":3,"href":"https:\/\/oneheart.cz\/eng\/wp-json\/wp\/v2\/pages\/617\/revisions"}],"predecessor-version":[{"id":787,"href":"https:\/\/oneheart.cz\/eng\/wp-json\/wp\/v2\/pages\/617\/revisions\/787"}],"wp:attachment":[{"href":"https:\/\/oneheart.cz\/eng\/wp-json\/wp\/v2\/media?parent=617"}],"curies":[{"name":"wp","href":"https:\/\/api.w.org\/{rel}","templated":true}]}}